{"id":120,"date":"2014-03-03T14:57:24","date_gmt":"2014-03-03T12:57:24","guid":{"rendered":"http:\/\/localhost\/wp-clients\/mbs\/?page_id=120"},"modified":"2017-04-19T11:24:03","modified_gmt":"2017-04-19T09:24:03","slug":"haftungsausschluss","status":"publish","type":"page","link":"http:\/\/moderne-bausysteme.de\/ru\/impressum\/haftungsausschluss\/","title":{"rendered":"Haftungsausschluss"},"content":{"rendered":"<p>\u00bb 1. Inhalt des Onlineangebotes<br \/>\n\u00bb 2. Verweise und Links<br \/>\n\u00bb 3. Urheber- und Kennzeichenrecht<br \/>\n\u00bb 4. Datenschutz<br \/>\n\u00bb 5. Datenschutzerkl\u00e4rung f\u00fcr die Nutzung von Google Analytics<br \/>\n\u00bb 6. Rechtswirksamkeit dieses Haftungsausschlusses<br \/>\n\u00bb 7. Datensicherheit<br \/>\n\u00bb <span class=\"style1\">8. Bildnachweise<\/span><\/p>\n<h3>1. Inhalt des Onlineangebotes<\/h3>\n<p>Die MBS Moderne Bausysteme GmbH \u00fcbernimmt keinerlei Gew\u00e4hr f\u00fcr die Aktualit\u00e4t, Korrektheit, Vollst\u00e4ndigkeit oder Qualit\u00e4t der bereitgestellten Informationen. Haftungsanspr\u00fcche gegen die MBS Moderne Bausysteme GmbH, welche sich auf Sch\u00e4den materieller oder ideeller Art beziehen, die durch die Nutzung oder Nichtnutzung der dargebotenen Informationen bzw. durch die Nutzung fehlerhafter und unvollst\u00e4ndiger Informationen verursacht wurden, sind grunds\u00e4tzlich ausgeschlossen, sofern seitens der MBS Moderne Bausysteme GmbH kein nachweislich vors\u00e4tzliches oder grob fahrl\u00e4ssiges Verschulden vorliegt. Alle Angebote sind freibleibend und unverbindlich. Die MBS Moderne Bausysteme GmbH beh\u00e4lt es sich ausdr\u00fccklich vor, Teile der Seiten oder das gesamte Angebot ohne gesonderte Ank\u00fcndigung zu ver\u00e4ndern, zu erg\u00e4nzen, zu l\u00f6schen oder die Ver\u00f6ffentlichung zeitweise oder endg\u00fcltig einzustellen.<\/p>\n<p>\u00ab nach oben<\/p>\n<h3>2. Verweise und Links<\/h3>\n<p>Bei direkten oder indirekten Verweisen auf fremde Internetseiten (\u201eLinks\u201d), die au\u00dferhalb des Verantwortungsbereiches der MBS Moderne Bausysteme GmbH liegen, w\u00fcrde eine Haftungsverpflichtung ausschlie\u00dflich in dem Fall in Kraft treten, in dem die MBS Moderne Bausysteme GmbH von den Inhalten Kenntnis hat und es ihr technisch m\u00f6glich und zumutbar w\u00e4re, die Nutzung im Falle rechtswidriger Inhalte zu verhindern. Die MBS Moderne Bausysteme GmbH erkl\u00e4rt hiermit ausdr\u00fccklich, dass zum Zeitpunkt der Linksetzung keine illegalen Inhalte auf den zu verlinkenden Seiten erkennbar waren. Auf die aktuelle und zuk\u00fcnftige Gestaltung, die Inhalte oder die Urheberschaft der gelinkten\/verkn\u00fcpften Seiten hat die MBS Moderne Bausysteme GmbH keinerlei Einfluss. Deshalb distanziert sich die MBS Moderne Bausysteme GmbH hiermit ausdr\u00fccklich von allen Inhalten aller gelinkten\/verkn\u00fcpften Seiten, die nach der Linksetzung ver\u00e4ndert wurden. Diese Feststellung gilt f\u00fcr alle innerhalb des eigenen Internetangebotes gesetzten Links und Verweise. F\u00fcr illegale, fehlerhafte oder unvollst\u00e4ndige Inhalte und insbesondere f\u00fcr Sch\u00e4den, die aus der Nutzung oder Nichtnutzung solcherart dargebotener Informationen entstehen, haftet allein der Anbieter der Seite, auf welche verwiesen wurde, nicht derjenige, der \u00fcber Links auf die jeweilige Ver\u00f6ffentlichung lediglich verweist.<\/p>\n<p>\u00ab nach oben<\/p>\n<h3>3. Urheber- und Kennzeichenrecht<\/h3>\n<p>Die MBS Moderne Bausysteme GmbH ist bestrebt, in allen Publikationen die Urheberrechte der verwendeten Grafiken, Tondokumente, Videosequenzen und Texte zu beachten, von ihr selbst erstellte Grafiken, Tondokumente, Videosequenzen und Texte zu nutzen oder auf lizenzfreie Grafiken, Tondokumente, Videosequenzen und Texte zur\u00fcckzugreifen. Alle innerhalb des Internetangebotes genannten und ggf. durch Dritte gesch\u00fctzten Marken- und Warenzeichen unterliegen uneingeschr\u00e4nkt den Bestimmungen des jeweils g\u00fcltigen Kennzeichenrechts und den Besitzrechten der jeweiligen eingetragenen Eigent\u00fcmer. Allein aufgrund der blo\u00dfen Nennung ist nicht der Schluss zu ziehen, dass Markenzeichen nicht durch Rechte Dritter gesch\u00fctzt sind! Das Copyright f\u00fcr ver\u00f6ffentlichte, von der MBS Moderne Bausysteme GmbH selbst erstellte Objekte bleibt allein bei der MBS Moderne Bausysteme GmbH. Eine Vervielf\u00e4ltigung oder Verwendung solcher Grafiken, Tondokumente, Videosequenzen und Texte in anderen elektronischen oder gedruckten Publikationen ist ohne ausdr\u00fcckliche Zustimmung der MBS Moderne Bausysteme GmbH nicht gestattet.<\/p>\n<p>\u00ab nach oben<\/p>\n<h3>4. Datenschutz<\/h3>\n<p>Sofern innerhalb des Internetangebotes die M\u00f6glichkeit zur Eingabe pers\u00f6nlicher oder gesch\u00e4ftlicher Daten (E-Mail-Adressen, Namen, Anschriften) besteht, so erfolgt die Preisgabe dieser Daten seitens des Nutzers auf ausdr\u00fccklich freiwilliger Basis. Diese Daten werden von der MBS Moderne Bausysteme GmbH zu keinem anderem, als den jeweils kenntlich gemachten Zwecken verwendet und nicht an Dritte weitergereicht.<\/p>\n<p>\u00ab nach oben<\/p>\n<h3>5. Datenschutzerkl\u00e4rung f\u00fcr die Nutzung von Google Analytics<\/h3>\n<p>Diese Website benutzt Google Analytics, einen Webanalysedienst der Google Inc. (\u201cGoogle\u201d). Google Analytics verwendet sog. \u201cCookies\u201d, Textdateien, die auf Ihrem Computer gespeichert werden und die eine Analyse der Benutzung der Website durch Sie erm\u00f6glichen. Die durch den Cookie erzeugten Informationen \u00fcber Ihre Benutzung dieser Website werden in der Regel an einen Server von Google in den USA \u00fcbertragen und dort gespeichert. Im Falle der Aktivierung der IP-Anonymisierung auf dieser Webseite wird Ihre IP-Adresse von Google jedoch innerhalb von Mitgliedstaaten der Europ\u00e4ischen Union oder in anderen Vertragsstaaten des Abkommens \u00fcber den Europ\u00e4ischen Wirtschaftsraum zuvor gek\u00fcrzt.<\/p>\n<p>Nur in Ausnahmef\u00e4llen wird die volle IP-Adresse an einen Server von Google in den USA \u00fcbertragen und dort gek\u00fcrzt. Im Auftrag des Betreibers dieser Website wird Google diese Informationen benutzen, um Ihre Nutzung der Website auszuwerten, um Reports \u00fcber die Websiteaktivit\u00e4ten zusammenzustellen und um weitere mit der Websitenutzung und der Internetnutzung verbundene Dienstleistungen gegen\u00fcber dem Websitebetreiber zu erbringen. Die im Rahmen von Google Analytics von Ihrem Browser \u00fcbermittelte IP-Adresse wird nicht mit anderen Daten von Google zusammengef\u00fchrt.<\/p>\n<p>Sie k\u00f6nnen die Speicherung der Cookies durch eine entsprechende Einstellung Ihrer Browser-Software verhindern; wir weisen Sie jedoch darauf hin, dass Sie in diesem Fall gegebenenfalls nicht s\u00e4mtliche Funktionen dieser Website vollumf\u00e4nglich werden nutzen k\u00f6nnen. Sie k\u00f6nnen dar\u00fcber hinaus die Erfassung der durch das Cookie erzeugten und auf Ihre Nutzung der Website bezogenen Daten (inkl. Ihrer IP-Adresse) an Google sowie die Verarbeitung dieser Daten durch Google verhindern, indem sie das unter dem folgenden Link verf\u00fcgbare Browser-Plugin herunterladen und installieren: http:\/\/tools.google.com\/dlpage\/gaoptout?hl=de.<\/p>\n<p>\u00ab nach oben<\/p>\n<h3>6. Rechtswirksamkeit dieses Haftungsausschlusses<\/h3>\n<p>Dieser Haftungsausschluss ist als Teil des Internetangebotes zu betrachten. Sofern Teile oder einzelne Formulierungen dieses Textes der geltenden Rechtslage nicht, nicht mehr oder nicht vollst\u00e4ndig entsprechen sollten, bleiben die \u00fcbrigen Teile des Dokumentes in ihrem Inhalt und ihrer G\u00fcltigkeit davon unber\u00fchrt.<\/p>\n<p>\u00ab nach oben<\/p>\n<h3>7. Datensicherheit<\/h3>\n<p>Nutzung und Weitergabe der personenbezogenen Daten<\/p>\n<p>Die von Ihnen zur Verf\u00fcgung gestellten personenbezogenen Daten verwenden wir ausschlie\u00dflich zum Zweck der technischen Administration und zur Erf\u00fcllung Ihrer W\u00fcnsche und Anforderungen und damit in der Regel zur Beantwortung Ihrer Anfrage bzw. zur ordnungsgem\u00e4\u00dfen Abwicklung anderer von Ihnen beauftragten Leistungen. Nur dann, wenn Sie uns zuvor Ihre Einwilligung erteilt haben bzw. wenn Sie &#8212; soweit gesetzliche Regelungen dies vorsehen &#8212; keinen Widerspruch eingelegt haben, nutzen wir diese Daten auch f\u00fcr firmenbezogene Umfragen und Marketingzwecke.<\/p>\n<p>Eine Weitergabe, ein Verkauf oder sonstige \u00dcbermittlung Ihrer personenbezogenen Daten an Dritte erfolgt nicht, es sei denn, dass dies zum Zwecke der Auftragserf\u00fcllung erforderlich ist oder Sie ausdr\u00fccklich eingewilligt haben.<\/p>\n<p>Sicherheit<\/p>\n<p>Wir treffen alle notwendigen technischen und organisatorischen Sicherheitsma\u00dfnahmen, um Ihre personenbezogenen Daten vor Verlust und Missbrauch zu sch\u00fctzen. Daher werden Ihre Daten in einer sicheren Betriebsumgebung gespeichert, die der \u00d6ffentlichkeit nicht zug\u00e4nglich ist.<\/p>\n<p>Sollten Sie mit uns per E-Mail in Kontakt treten wollen, weisen wir darauf hin, dass die Vertraulichkeit der \u00fcbermittelten Informationen im Internettransfer systembedingt nicht gew\u00e4hrleistet ist. Der Inhalt von E-Mails kann von Dritten unter Zuhilfenahme bestimmter Software und Datentechniken eingesehen werden. Bitte lassen Sie uns daher, vertrauliche Informationen ausschlie\u00dflich auf dem Postweg zukommen.<\/p>\n<p>\u00ab nach oben<\/p>\n<p><strong>8. Bildnachweise<\/strong><\/p>\n<p>Hintergrundfoto News<br \/>\n\u00a9 Sonia Boukaia-Murari &#8212; Fotolia.com<\/p>\n<p>Hintergrundfoto \u00dcber uns<br \/>\n\u00a9 Gerhard Seybert &#8212; Fotolia.com<\/p>\n<p>Hintergrundfoto Produkte<br \/>\n\u00a9 Patrizia Tilly &#8212; Fotolia.com<\/p>\n<p>Hintergrundfoto Referenzen<br \/>\n\u00a9 die-exklusiven &#8212; Fotolia.com<\/p>\n<p>Hintergrundfoto Kontakt<br \/>\n\u00a9 Alliance &#8212; Fotolia.com<\/p>\n","protected":false},"excerpt":{"rendered":"<p>\u00bb 1. Inhalt des Onlineangebotes \u00bb 2. Verweise und Links \u00bb 3. Urheber- und Kennzeichenrecht \u00bb 4. Datenschutz \u00bb 5. Datenschutzerkl\u00e4rung f\u00fcr die Nutzung von Google Analytics \u00bb 6. Rechtswirksamkeit dieses Haftungsausschlusses \u00bb 7. Datensicherheit \u00bb 8. Bildnachweise 1. Inhalt des Onlineangebotes Die MBS Moderne Bausysteme GmbH \u00fcbernimmt keinerlei Gew\u00e4hr f\u00fcr die Aktualit\u00e4t, Korrektheit, Vollst\u00e4ndigkeit [&hellip;]<\/p>\n","protected":false},"author":1,"featured_media":0,"parent":20,"menu_order":0,"comment_status":"closed","ping_status":"closed","template":"page-impressum.php","meta":[],"translation":{"provider":"WPGlobus","version":"2.6.0","language":"ru","enabled_languages":["de","en","ru"],"languages":{"de":{"title":true,"content":true,"excerpt":false},"en":{"title":true,"content":true,"excerpt":false},"ru":{"title":true,"content":true,"excerpt":false}}},"wps_subtitle":"","_links":{"self":[{"href":"http:\/\/moderne-bausysteme.de\/ru\/wp-json\/wp\/v2\/pages\/120"}],"collection":[{"href":"http:\/\/moderne-bausysteme.de\/ru\/wp-json\/wp\/v2\/pages"}],"about":[{"href":"http:\/\/moderne-bausysteme.de\/ru\/wp-json\/wp\/v2\/types\/page"}],"author":[{"embeddable":true,"href":"http:\/\/moderne-bausysteme.de\/ru\/wp-json\/wp\/v2\/users\/1"}],"replies":[{"embeddable":true,"href":"http:\/\/moderne-bausysteme.de\/ru\/wp-json\/wp\/v2\/comments?post=120"}],"version-history":[{"count":9,"href":"http:\/\/moderne-bausysteme.de\/ru\/wp-json\/wp\/v2\/pages\/120\/revisions"}],"predecessor-version":[{"id":2318,"href":"http:\/\/moderne-bausysteme.de\/ru\/wp-json\/wp\/v2\/pages\/120\/revisions\/2318"}],"up":[{"embeddable":true,"href":"http:\/\/moderne-bausysteme.de\/ru\/wp-json\/wp\/v2\/pages\/20"}],"wp:attachment":[{"href":"http:\/\/moderne-bausysteme.de\/ru\/wp-json\/wp\/v2\/media?parent=120"}],"curies":[{"name":"wp","href":"https:\/\/api.w.org\/{rel}","templated":true}]}}